{"id":14,"date":"2021-05-24T06:50:07","date_gmt":"2021-05-24T06:50:07","guid":{"rendered":"http:\/\/localhost:8888\/konstro\/?page_id=14"},"modified":"2024-07-09T17:53:18","modified_gmt":"2024-07-09T21:53:18","slug":"our-services","status":"publish","type":"page","link":"https:\/\/charlespainters.com\/index.php\/our-services\/","title":{"rendered":"Our Services"},"content":{"rendered":"\t\t<div data-elementor-type=\"wp-page\" data-elementor-id=\"14\" class=\"elementor elementor-14\">\n\t\t\t\t<div class=\"elementor-element elementor-element-752f172 e-flex e-con-boxed e-con e-parent\" data-id=\"752f172\" data-element_type=\"container\" data-e-type=\"container\" data-settings=\"{&quot;background_background&quot;:&quot;classic&quot;}\">\n\t\t\t\t\t<div class=\"e-con-inner\">\n\t\t<div class=\"elementor-element elementor-element-d2f1c6e e-con-full e-flex e-con e-child\" data-id=\"d2f1c6e\" data-element_type=\"container\" data-e-type=\"container\">\n\t\t\t\t<div class=\"elementor-element elementor-element-ab85009 elementor-widget elementor-widget-image\" data-id=\"ab85009\" data-element_type=\"widget\" data-e-type=\"widget\" data-widget_type=\"image.default\">\n\t\t\t\t<div class=\"elementor-widget-container\">\n\t\t\t\t\t\t\t\t\t\t\t\t\t\t\t<img fetchpriority=\"high\" decoding=\"async\" width=\"640\" height=\"640\" src=\"https:\/\/charlespainters.com\/wp-content\/uploads\/2024\/07\/sun-sky-1024x1024.jpg\" class=\"attachment-large size-large wp-image-2945\" alt=\"Comprehensive Solutions for All Your Painting and Maintenance Needs\" srcset=\"https:\/\/charlespainters.com\/wp-content\/uploads\/2024\/07\/sun-sky-1024x1024.jpg 1024w, https:\/\/charlespainters.com\/wp-content\/uploads\/2024\/07\/sun-sky-300x300.jpg 300w, https:\/\/charlespainters.com\/wp-content\/uploads\/2024\/07\/sun-sky-150x150.jpg 150w, https:\/\/charlespainters.com\/wp-content\/uploads\/2024\/07\/sun-sky-768x768.jpg 768w, https:\/\/charlespainters.com\/wp-content\/uploads\/2024\/07\/sun-sky-1536x1536.jpg 1536w, https:\/\/charlespainters.com\/wp-content\/uploads\/2024\/07\/sun-sky-2048x2048.jpg 2048w\" sizes=\"(max-width: 640px) 100vw, 640px\" \/>\t\t\t\t\t\t\t\t\t\t\t\t\t\t\t<\/div>\n\t\t\t\t<\/div>\n\t\t\t\t<\/div>\n\t\t<div class=\"elementor-element elementor-element-692c339 e-con-full e-flex e-con e-child\" data-id=\"692c339\" data-element_type=\"container\" data-e-type=\"container\">\n\t\t\t\t<div class=\"elementor-element elementor-element-5300112 elementor-widget elementor-widget-heading\" data-id=\"5300112\" data-element_type=\"widget\" data-e-type=\"widget\" data-widget_type=\"heading.default\">\n\t\t\t\t<div class=\"elementor-widget-container\">\n\t\t\t\t\t<h2 class=\"elementor-heading-title elementor-size-default\">Comprehensive Solutions for All Your Painting and Maintenance Needs<\/h2>\t\t\t\t<\/div>\n\t\t\t\t<\/div>\n\t\t\t\t<div class=\"elementor-element elementor-element-87c1e10 elementor-widget elementor-widget-text-editor\" data-id=\"87c1e10\" data-element_type=\"widget\" data-e-type=\"widget\" data-widget_type=\"text-editor.default\">\n\t\t\t\t<div class=\"elementor-widget-container\">\n\t\t\t\t\t\t\t\t\t<p>En Charles Painters LLC, ofrecemos una amplia gama de servicios de pintura y mantenimiento dise\u00f1ados para satisfacer todas sus necesidades. Con un compromiso con la excelencia, el profesionalismo y la satisfacci\u00f3n del cliente, nos aseguramos de que cada proyecto se complete con los m\u00e1s altos est\u00e1ndares.<\/p><p>En Charles Painters LLC, nos dedicamos a brindar un servicio excepcional y resultados sobresalientes para cada proyecto. Si usted es propietario de una vivienda que busca mejorar su espacio habitable o propietario de un negocio que busca mejorar su propiedad comercial, nuestro equipo tiene los conocimientos y la experiencia para cumplir. Cont\u00e1ctenos hoy al 475-228-3004 para una consulta gratuita y descubra c\u00f3mo podemos ayudarlo a transformar su espacio con nuestros servicios profesionales de pintura y mantenimiento.<\/p><p>A continuaci\u00f3n se muestra una mirada en profundidad a los servicios que brindamos, que reflejan nuestra amplia experiencia y dedicaci\u00f3n a la calidad.<\/p>\t\t\t\t\t\t\t\t<\/div>\n\t\t\t\t<\/div>\n\t\t\t\t<\/div>\n\t\t\t\t\t<\/div>\n\t\t\t\t<\/div>\n\t\t\t\t<section class=\"elementor-section elementor-top-section elementor-element elementor-element-0af5b04 elementor-section-full_width elementor-section-height-default elementor-section-height-default\" data-id=\"0af5b04\" data-element_type=\"section\" data-e-type=\"section\">\n\t\t\t\t\t\t<div class=\"elementor-container elementor-column-gap-no\">\n\t\t\t\t\t<div class=\"elementor-column elementor-col-100 elementor-top-column elementor-element elementor-element-e348c18\" data-id=\"e348c18\" data-element_type=\"column\" data-e-type=\"column\">\n\t\t\t<div class=\"elementor-widget-wrap elementor-element-populated\">\n\t\t\t\t\t\t<div class=\"elementor-element elementor-element-fa71615 elementor-widget elementor-widget-Elementor-service-two-widget\" data-id=\"fa71615\" data-element_type=\"widget\" data-e-type=\"widget\" data-widget_type=\"Elementor-service-two-widget.default\">\n\t\t\t\t<div class=\"elementor-widget-container\">\n\t\t\t\t\t\n<!-- services-area -->          \n  <section id=\"servicestwo\" class=\"services-area2 pt-120 pb-90 fix p-relative\" >\n    <div class=\"container\">\n      <div class=\"row\">\n         \n         \n\n         <div class=\"col-lg-4 col-md-6\">                             \n            <div class=\"s-single-services  services-box2 mb-30\">\n                    <div class=\"services-icon\">\n                        <i class=\"flaticon-cepillo-de-rodillo-de-pintura-dentro-de-una-casa\"><\/i>\n                    <\/div>\n                <div class=\"services-content2\">\n                    <h5><a href=\"https:\/\/charlespainters.com\/index.php\/service\/exterior-painting\/\">Exterior Painting<\/a><\/h5>    \n                     <p>Boost your home&#8217;s curb appeal with durable, weather-resistant exterior paint.<\/p>\n \n                <\/div>\n            <\/div>              \n        <\/div>\n         \n         \n\n         <div class=\"col-lg-4 col-md-6\">                             \n            <div class=\"s-single-services  services-box2 mb-30\">\n                    <div class=\"services-icon\">\n                        <i class=\"flaticon-plano-de-la-casa\"><\/i>\n                    <\/div>\n                <div class=\"services-content2\">\n                    <h5><a href=\"https:\/\/charlespainters.com\/index.php\/service\/interior-painting\/\">Interior Painting<\/a><\/h5>    \n                     <p>Transform your interiors with fresh, vibrant colors that reflect your style.<\/p>\n \n                <\/div>\n            <\/div>              \n        <\/div>\n         \n         \n\n         <div class=\"col-lg-4 col-md-6\">                             \n            <div class=\"s-single-services  services-box2 mb-30\">\n                    <div class=\"services-icon\">\n                        <i class=\"flaticon-material\"><\/i>\n                    <\/div>\n                <div class=\"services-content2\">\n                    <h5><a href=\"https:\/\/charlespainters.com\/index.php\/service\/drywall-repair\/\">Drywall Repair<\/a><\/h5>    \n                     <p>Achieve a smooth, flawless finish with our drywall painting services.<\/p>\n \n                <\/div>\n            <\/div>              \n        <\/div>\n         \n         \n\n         <div class=\"col-lg-4 col-md-6\">                             \n            <div class=\"s-single-services  services-box2 mb-30\">\n                    <div class=\"services-icon\">\n                        <i class=\"flaticon-gabinete\"><\/i>\n                    <\/div>\n                <div class=\"services-content2\">\n                    <h5><a href=\"https:\/\/charlespainters.com\/index.php\/service\/cabinet-painting\/\">Cabinet Painting<\/a><\/h5>    \n                     <p>Revitalize your kitchen or bathroom with our cabinet painting services.<\/p>\n \n                <\/div>\n            <\/div>              \n        <\/div>\n         \n         \n\n         <div class=\"col-lg-4 col-md-6\">                             \n            <div class=\"s-single-services  services-box2 mb-30\">\n                    <div class=\"services-icon\">\n                        <i class=\"flaticon-ciudad-limpia\"><\/i>\n                    <\/div>\n                <div class=\"services-content2\">\n                    <h5><a href=\"https:\/\/charlespainters.com\/index.php\/service\/power-washing\/\">Power Washing<\/a><\/h5>    \n                     <p>Deep clean your exterior surfaces with our power washing services.<\/p>\n \n                <\/div>\n            <\/div>              \n        <\/div>\n         \n         \n\n         <div class=\"col-lg-4 col-md-6\">                             \n            <div class=\"s-single-services  services-box2 mb-30\">\n                    <div class=\"services-icon\">\n                        <i class=\"flaticon-terraza\"><\/i>\n                    <\/div>\n                <div class=\"services-content2\">\n                    <h5><a href=\"https:\/\/charlespainters.com\/index.php\/service\/deck-painting\/\">Deck Painting<\/a><\/h5>    \n                     <p>Protect and beautify your decks with our specialized painting services.<\/p>\n \n                <\/div>\n            <\/div>              \n        <\/div>\n         \n         \n\n         <div class=\"col-lg-4 col-md-6\">                             \n            <div class=\"s-single-services  services-box2 mb-30\">\n                    <div class=\"services-icon\">\n                        <i class=\"flaticon-pegar-un-papel-tapiz\"><\/i>\n                    <\/div>\n                <div class=\"services-content2\">\n                    <h5><a href=\"https:\/\/charlespainters.com\/index.php\/service\/wallpaper-installation\/\">Wallpaper Installation<\/a><\/h5>    \n                     <p>Add texture and style to your walls with our professional wallpaper installation.<\/p>\n \n                <\/div>\n            <\/div>              \n        <\/div>\n         \n         \n\n         <div class=\"col-lg-4 col-md-6\">                             \n            <div class=\"s-single-services  services-box2 mb-30\">\n                    <div class=\"services-icon\">\n                        <i class=\"flaticon-cuadro\"><\/i>\n                    <\/div>\n                <div class=\"services-content2\">\n                    <h5><a href=\"https:\/\/charlespainters.com\/index.php\/service\/metal-painting\/\">Metal Painting<\/a><\/h5>    \n                     <p>Give a new look to your metal structures with our durable painting solutions.<\/p>\n \n                <\/div>\n            <\/div>              \n        <\/div>\n         \n         \n\n         <div class=\"col-lg-4 col-md-6\">                             \n            <div class=\"s-single-services  services-box2 mb-30\">\n                    <div class=\"services-icon\">\n                        <i class=\"flaticon-cuadro\"><\/i>\n                    <\/div>\n                <div class=\"services-content2\">\n                    <h5><a href=\"https:\/\/charlespainters.com\/index.php\/service\/door-painting\/\">Door Painting<\/a><\/h5>    \n                     <p>Make a statement with beautifully painted doors.<\/p>\n \n                <\/div>\n            <\/div>              \n        <\/div>\n         \n         \n\n         <div class=\"col-lg-4 col-md-6\">                             \n            <div class=\"s-single-services  services-box2 mb-30\">\n                    <div class=\"services-icon\">\n                        <i class=\"flaticon-barniz\"><\/i>\n                    <\/div>\n                <div class=\"services-content2\">\n                    <h5><a href=\"https:\/\/charlespainters.com\/index.php\/service\/wood-varnishing\/\">Wood Varnishing<\/a><\/h5>    \n                     <p>Restore the beauty of your wood surfaces and repair any water damage.<\/p>\n \n                <\/div>\n            <\/div>              \n        <\/div>\n         \n         \n\n         <div class=\"col-lg-4 col-md-6\">                             \n            <div class=\"s-single-services  services-box2 mb-30\">\n                    <div class=\"services-icon\">\n                        <i class=\"flaticon-hogar\"><\/i>\n                    <\/div>\n                <div class=\"services-content2\">\n                    <h5><a href=\"https:\/\/charlespainters.com\/index.php\/service\/window-cleaning\/\">Window Cleaning<\/a><\/h5>    \n                     <p>Keep your windows spotless with our cleaning services.<\/p>\n \n                <\/div>\n            <\/div>              \n        <\/div>\n         \n         \n\n         <div class=\"col-lg-4 col-md-6\">                             \n            <div class=\"s-single-services  services-box2 mb-30\">\n                    <div class=\"services-icon\">\n                        <i class=\"flaticon-terraza\"><\/i>\n                    <\/div>\n                <div class=\"services-content2\">\n                    <h5><a href=\"https:\/\/charlespainters.com\/index.php\/service\/gutter-cleaning\/\">Gutter Cleaning<\/a><\/h5>    \n                     <p>Maintain your gutters and prevent blockages with our cleaning services.<\/p>\n \n                <\/div>\n            <\/div>              \n        <\/div>\n         \n         \n\n         <div class=\"col-lg-4 col-md-6\">                             \n            <div class=\"s-single-services  services-box2 mb-30\">\n                    <div class=\"services-icon\">\n                        <i class=\"flaticon-hogar\"><\/i>\n                    <\/div>\n                <div class=\"services-content2\">\n                    <h5><a href=\"https:\/\/charlespainters.com\/index.php\/service\/roof-washing\/\">Roof Washing<\/a><\/h5>    \n                     <p>Extend the life of your roof with our thorough washing services.<\/p>\n \n                <\/div>\n            <\/div>              \n        <\/div>\n              \n      <\/div>\n    <\/div>\n<\/section>\n<!-- services-area-end -->\t\t\t\t<\/div>\n\t\t\t\t<\/div>\n\t\t\t\t\t<\/div>\n\t\t<\/div>\n\t\t\t\t\t<\/div>\n\t\t<\/section>\n\t\t\t\t<section class=\"elementor-section elementor-top-section elementor-element elementor-element-613bb4c elementor-section-full_width elementor-section-height-default elementor-section-height-default\" data-id=\"613bb4c\" data-element_type=\"section\" data-e-type=\"section\">\n\t\t\t\t\t\t<div class=\"elementor-container elementor-column-gap-no\">\n\t\t\t\t\t<div class=\"elementor-column elementor-col-100 elementor-top-column elementor-element elementor-element-e54ff8b\" data-id=\"e54ff8b\" data-element_type=\"column\" data-e-type=\"column\">\n\t\t\t<div class=\"elementor-widget-wrap elementor-element-populated\">\n\t\t\t\t\t\t<div class=\"elementor-element elementor-element-63e56c5 elementor-widget elementor-widget-Elementor-support-widget\" data-id=\"63e56c5\" data-element_type=\"widget\" data-e-type=\"widget\" data-widget_type=\"Elementor-support-widget.default\">\n\t\t\t\t<div class=\"elementor-widget-container\">\n\t\t\t\t\t\r\n<!-- support-area -->\r\n<section id=\"graph\" class=\"features-area pt-70 pb-50\"  style=\"background:url('http:\/\/wordpress.zcube.in\/konstro\/wp-content\/uploads\/2021\/05\/shop-bg-1.png');\">\r\n    <div class=\"container\">\r\n        <div class=\"row align-items-center\">\r\n            <div class=\"col-lg-7 col-md-12\">\r\n                <div class=\"section-title cta-title  mb-20\"> \r\n                    <h5>Attention 7 days a week.<\/h5>     \r\n                    <h2>Call for a quote. We are ready to help you.<\/h2>\r\n                <\/div>\r\n            <\/div>\r\n            <div class=\"col-lg-5 col-md-12 text-right\">\r\n                 <a href=\"https:\/\/charlespainters.com\/index.php\/our-contacts\/\" class=\"btn ss-btn active mr-15\">Contact us now<\/a>\r\n            <\/div>\r\n        <\/div>\r\n    <\/div>\r\n<\/section>\r\n<!-- support-area-end -->\t\t\t\t<\/div>\n\t\t\t\t<\/div>\n\t\t\t\t\t<\/div>\n\t\t<\/div>\n\t\t\t\t\t<\/div>\n\t\t<\/section>\n\t\t\t\t<\/div>\n\t\t","protected":false},"excerpt":{"rendered":"<p>Comprehensive Solutions for All Your Painting and Maintenance Needs En Charles Painters LLC, ofrecemos una amplia gama de servicios de pintura y mantenimiento dise\u00f1ados para satisfacer todas sus necesidades. Con un compromiso con la excelencia, el profesionalismo y la satisfacci\u00f3n del cliente, nos aseguramos de que cada proyecto se complete con los m\u00e1s altos est\u00e1ndares. [&hellip;]<\/p>\n","protected":false},"author":1,"featured_media":0,"parent":0,"menu_order":0,"comment_status":"closed","ping_status":"closed","template":"inside.php","meta":{"footnotes":""},"class_list":["post-14","page","type-page","status-publish","hentry"],"_links":{"self":[{"href":"https:\/\/charlespainters.com\/index.php\/wp-json\/wp\/v2\/pages\/14"}],"collection":[{"href":"https:\/\/charlespainters.com\/index.php\/wp-json\/wp\/v2\/pages"}],"about":[{"href":"https:\/\/charlespainters.com\/index.php\/wp-json\/wp\/v2\/types\/page"}],"author":[{"embeddable":true,"href":"https:\/\/charlespainters.com\/index.php\/wp-json\/wp\/v2\/users\/1"}],"replies":[{"embeddable":true,"href":"https:\/\/charlespainters.com\/index.php\/wp-json\/wp\/v2\/comments?post=14"}],"version-history":[{"count":24,"href":"https:\/\/charlespainters.com\/index.php\/wp-json\/wp\/v2\/pages\/14\/revisions"}],"predecessor-version":[{"id":2951,"href":"https:\/\/charlespainters.com\/index.php\/wp-json\/wp\/v2\/pages\/14\/revisions\/2951"}],"wp:attachment":[{"href":"https:\/\/charlespainters.com\/index.php\/wp-json\/wp\/v2\/media?parent=14"}],"curies":[{"name":"wp","href":"https:\/\/api.w.org\/{rel}","templated":true}]}}